{"id":1421,"date":"2021-03-10T13:12:04","date_gmt":"2021-03-10T18:12:04","guid":{"rendered":"http:\/\/elisorganic.com\/?page_id=1421"},"modified":"2021-03-10T13:26:45","modified_gmt":"2021-03-10T18:26:45","slug":"privacy-notice-and-terms","status":"publish","type":"page","link":"https:\/\/elisorganic.com\/es\/privacy-notice-and-terms\/","title":{"rendered":"Aviso de Privacidad"},"content":{"rendered":"<p><\/p>\n<h3><b>Aviso de Privacidad<\/b><\/h3>\n<p><span style=\"font-weight: 400;\">Este aviso de privacidad revela las pr\u00e1cticas de privacidad de www.elisorganic.com. Este aviso de privacidad se aplica \u00fanicamente a la informaci\u00f3n recopilada por este sitio web. Le notificar\u00e1 lo siguiente:<\/span><\/p>\n<p><span style=\"font-weight: 400;\">Qu\u00e9 informaci\u00f3n de identificaci\u00f3n personal se recopila de usted a trav\u00e9s del sitio web, c\u00f3mo se usa y con qui\u00e9n se puede compartir.<\/span><\/p>\n<p><span style=\"font-weight: 400;\">Qu\u00e9 opciones tiene a su disposici\u00f3n con respecto al uso de sus datos.<\/span><\/p>\n<p><span style=\"font-weight: 400;\">Los procedimientos de seguridad establecidos para proteger el uso indebido de su informaci\u00f3n.<\/span><\/p>\n<p><span style=\"font-weight: 400;\">C\u00f3mo puede corregir cualquier inexactitud en la informaci\u00f3n.<\/span><\/p>\n<h3><b>Recopilaci\u00f3n, uso e intercambio de informaci\u00f3n<\/b><\/h3>\n<p><span style=\"font-weight: 400;\">Somos los \u00fanicos propietarios de la informaci\u00f3n recopilada en este sitio. Solo tenemos acceso a \/ recopilamos informaci\u00f3n que usted nos proporciona voluntariamente por correo electr\u00f3nico u otro contacto directo de su parte. No venderemos ni compartiremos esta informaci\u00f3n a nadie.<\/span><\/p>\n<p><span style=\"font-weight: 400;\">Usaremos su informaci\u00f3n para responderle, con respecto a la raz\u00f3n por la que se comunic\u00f3 con nosotros. No compartiremos su informaci\u00f3n con ning\u00fan tercero fuera de nuestra organizaci\u00f3n, excepto cuando sea necesario para cumplir con su solicitud, p. Ej. para enviar un pedido.<\/span><\/p>\n<p><span style=\"font-weight: 400;\">A menos que nos pida que no lo hagamos, es posible que nos comuniquemos con usted por correo electr\u00f3nico en el futuro para informarle sobre ofertas especiales, nuevos productos o servicios, o cambios en esta pol\u00edtica de privacidad.<\/span><\/p>\n<h3><b>Su acceso y control sobre la informaci\u00f3n<\/b><\/h3>\n<p><span style=\"font-weight: 400;\">Puede optar por no recibir nuestros contactos futuros en cualquier momento. Puede hacer lo siguiente en cualquier momento poni\u00e9ndose en contacto con nosotros a trav\u00e9s de la direcci\u00f3n de correo electr\u00f3nico o el n\u00famero de tel\u00e9fono que figura en nuestro sitio web:<\/span><\/p>\n<p><span style=\"font-weight: 400;\">Vea qu\u00e9 datos tenemos sobre usted, si los hay.<\/span><\/p>\n<p><span style=\"font-weight: 400;\">Cambiar \/ corregir cualquier dato que tengamos sobre usted.<\/span><\/p>\n<p><span style=\"font-weight: 400;\">Haga que eliminemos cualquier dato que tengamos sobre usted.<\/span><\/p>\n<p><span style=\"font-weight: 400;\">Exprese cualquier inquietud que tenga sobre el uso que hacemos de sus datos.<\/span><\/p>\n<h3><b>Seguridad<\/b><\/h3>\n<p><span style=\"font-weight: 400;\">Tomamos precauciones para proteger su informaci\u00f3n. Cuando env\u00eda informaci\u00f3n confidencial a trav\u00e9s del sitio web, su informaci\u00f3n est\u00e1 protegida tanto en l\u00ednea como fuera de l\u00ednea.<\/span><\/p>\n<p><span style=\"font-weight: 400;\">Siempre que recopilamos informaci\u00f3n confidencial (como datos de tarjetas de cr\u00e9dito), esa informaci\u00f3n se cifra y se nos transmite de forma segura. Puede verificar esto buscando un icono de candado en la barra de direcciones y buscando \u00abhttps\u00bb al comienzo de la direcci\u00f3n de la p\u00e1gina web.<\/span><\/p>\n<p><span style=\"font-weight: 400;\">Si bien utilizamos el cifrado para proteger la informaci\u00f3n confidencial transmitida en l\u00ednea, tambi\u00e9n protegemos su informaci\u00f3n fuera de l\u00ednea. Solo los empleados que necesitan la informaci\u00f3n para realizar un trabajo espec\u00edfico (por ejemplo, facturaci\u00f3n o servicio al cliente) tienen acceso a informaci\u00f3n de identificaci\u00f3n personal. Las computadoras \/ servidores en los que almacenamos informaci\u00f3n de identificaci\u00f3n personal se mantienen en un entorno seguro.<\/span><\/p>\n<h3><span style=\"font-weight: 400;\">\u00a0<\/span><b>T\u00e9rminos de servicio<\/b><\/h3>\n<p><span style=\"font-weight: 400;\">La informaci\u00f3n presentada en este sitio web est\u00e1 destinada \u00fanicamente a fines educativos y de entretenimiento.<\/span><\/p>\n<p><span style=\"font-weight: 400;\">Antes de embarcarse en cualquier esfuerzo, tenga cuidado y busque el consejo de sus propios asesores profesionales personales, como su m\u00e9dico y su m\u00e9dico.<\/span><\/p>\n<p><span style=\"font-weight: 400;\">Cuando se mencionan logros personales (si los hay), esos logros son informaci\u00f3n anecd\u00f3tica que se nos transmite en relaci\u00f3n con los resultados obtenidos por la persona que comparte la informaci\u00f3n. No hemos realizado una verificaci\u00f3n independiente de las declaraciones hechas por esas personas. No asuma que tiene los mismos resultados.<\/span><\/p>\n<p><span style=\"font-weight: 400;\">Por favor, no interprete ninguna declaraci\u00f3n en este sitio web como una afirmaci\u00f3n o representaci\u00f3n de un s\u00edntoma experimentado. Los testimonios y declaraciones de individuos no deben interpretarse como s\u00edntomas de reclamos o representaciones. No podemos, no hacemos ni haremos ninguna afirmaci\u00f3n en cuanto a sentimientos, s\u00edntomas u otros.<\/span><\/p>\n<p><span style=\"font-weight: 400;\">El \u00e9xito en cualquier esfuerzo se basa en muchos factores individuales para usted. No conocemos su formaci\u00f3n acad\u00e9mica, sus habilidades, su disposici\u00f3n a cambiar, su experiencia previa o el tiempo que puede y dedicar\u00e1 al esfuerzo.<\/span><\/p>\n<p><span style=\"font-weight: 400;\">Realice su propia diligencia debida antes de emprender cualquier curso de acci\u00f3n. Siga los consejos de sus asesores personales calificados.<\/span><\/p>\n<p><span style=\"font-weight: 400;\">Hay riesgos en cualquier esfuerzo que no son adecuados para todos.<\/span><\/p>\n<p><span style=\"font-weight: 400;\">No hay garant\u00eda de que logre todos sus objetivos utilizando cualquiera de las ideas presentadas en nuestros materiales. Los ejemplos de nuestros materiales no deben interpretarse como una promesa o garant\u00eda de cambio. Muchos factores ser\u00e1n importantes para determinar sus resultados reales y no se ofrecen garant\u00edas de que obtendr\u00e1 resultados similares a los nuestros o los de cualquier otra persona. No se garantiza que obtendr\u00e1 ning\u00fan resultado a partir de las ideas de nuestro material.<\/span><\/p>\n<p><span style=\"font-weight: 400;\">Usted acepta que no compartiremos su \u00e9xito, ni seremos responsables de su fracaso o de sus acciones en cualquier esfuerzo que pueda emprender.<\/span><\/p>\n<p><span style=\"font-weight: 400;\">Por favor, comprenda que el desempe\u00f1o pasado no puede ser una indicaci\u00f3n de posibles resultados futuros.<\/span><\/p>\n<p><span style=\"font-weight: 400;\">Las declaraciones prospectivas dan nuestras expectativas o pron\u00f3sticos de eventos futuros. Puede identificar estas declaraciones por el hecho de que no se relacionan estrictamente con hechos hist\u00f3ricos o actuales. Usan palabras como \u00abanticipar\u00bb, \u00abestimar\u00bb, \u00abesperar\u00bb, \u00abproyectar\u00bb, \u00abpretender\u00bb, \u00abplanificar\u00bb, \u00abcreer\u00bb y otras palabras y t\u00e9rminos de significado similar en relaci\u00f3n con una descripci\u00f3n de mejora de la salud o rendimiento. Todas y cada una de las declaraciones prospectivas de nuestros materiales est\u00e1n destinadas a expresar nuestra opini\u00f3n sobre el bienestar y la salud. Son solo opiniones y no se debe confiar en ellos como hechos.<\/span><\/p>\n<h4><b><i>Si cree que no estamos cumpliendo con esta pol\u00edtica, debe comunicarse con nosotros de inmediato por tel\u00e9fono al 4162250176 o a trav\u00e9s de support@elisorganic.com.<\/i><\/b><\/h4>\n<p>&nbsp;<\/p>","protected":false},"excerpt":{"rendered":"<p>Aviso de Privacidad Este aviso de privacidad revela las pr\u00e1cticas de privacidad de www.elisorganic.com. Este aviso de privacidad se aplica \u00fanicamente a la informaci\u00f3n recopilada por este sitio web. Le notificar\u00e1 lo siguiente: Qu\u00e9 informaci\u00f3n de identificaci\u00f3n personal se recopila<\/p>\n","protected":false},"author":1,"featured_media":0,"parent":0,"menu_order":0,"comment_status":"closed","ping_status":"closed","template":"template-full.php","meta":{"footnotes":""},"class_list":["post-1421","page","type-page","status-publish","hentry"],"_links":{"self":[{"href":"https:\/\/elisorganic.com\/es\/wp-json\/wp\/v2\/pages\/1421","targetHints":{"allow":["GET"]}}],"collection":[{"href":"https:\/\/elisorganic.com\/es\/wp-json\/wp\/v2\/pages"}],"about":[{"href":"https:\/\/elisorganic.com\/es\/wp-json\/wp\/v2\/types\/page"}],"author":[{"embeddable":true,"href":"https:\/\/elisorganic.com\/es\/wp-json\/wp\/v2\/users\/1"}],"replies":[{"embeddable":true,"href":"https:\/\/elisorganic.com\/es\/wp-json\/wp\/v2\/comments?post=1421"}],"version-history":[{"count":5,"href":"https:\/\/elisorganic.com\/es\/wp-json\/wp\/v2\/pages\/1421\/revisions"}],"predecessor-version":[{"id":1427,"href":"https:\/\/elisorganic.com\/es\/wp-json\/wp\/v2\/pages\/1421\/revisions\/1427"}],"wp:attachment":[{"href":"https:\/\/elisorganic.com\/es\/wp-json\/wp\/v2\/media?parent=1421"}],"curies":[{"name":"wp","href":"https:\/\/api.w.org\/{rel}","templated":true}]}}