{"id":18,"date":"2016-11-10T19:56:03","date_gmt":"2016-11-10T19:56:03","guid":{"rendered":"http:\/\/elisorganic.com\/?page_id=18"},"modified":"2017-10-22T18:20:40","modified_gmt":"2017-10-22T22:20:40","slug":"about","status":"publish","type":"page","link":"https:\/\/elisorganic.com\/es\/about\/","title":{"rendered":"Acerca de"},"content":{"rendered":"<p><\/p>\n<p style=\"text-align: justify;\"><em><strong>Bienvenido a ElisOrganic !!!<\/strong> <\/em>\u00a1Estoy muy feliz que est\u00e9s aqu\u00ed!<\/p>\n<p style=\"text-align: justify;\">ElisOrganic fue creado para inspirar a la gente a mejorar su Salud en todos los aspectos, lo que realmente importa para una vida \u00f3ptima y larga. Se centra en el concepto de Alimentos Primarios y Alimentos Secundarios. Como Alimentos Primarios tomamos en consideraci\u00f3n los cuatro pilares principales: Laboral, Relaciones, Espiritualidad y Actividad\u00a0F\u00edsica.<\/p>\n<p style=\"text-align: justify;\">Teniendo estos cuatro pilares principales en equilibrio en conjunto con los alimentos secundarios (lo que realmente comemos), es lo que le da a nuestra salud una estabilidad completa.<\/p>\n<p style=\"text-align: justify;\">Recuerda que nuestro cuerpo es muy importante, es el lugar donde realmente vivimos, es tambi\u00e9n nuestro mejor medio de transporte.<\/p>\n<p style=\"text-align: justify;\">Compra tus alimentos locales, come tanto alimento org\u00e1nico como sea posible, conoce a los granjeros a tu alrededor \u00a0y principalmente\u00a0lo que est\u00e1s \u00abponiendo\u00bb en tu cuerpo. Es muy importante conocer el origen y los ingredientes que contienen tus alimentos.<\/p>\n<p>&nbsp;<\/p>\n<p><strong><em>Mi misi\u00f3n<\/em><\/strong><\/p>\n<p>Proporcionar un conocimiento de coaching saludable que inspira y gu\u00eda a personas motivadas y apasionadas para alcanzar su mejor calidad de vida. Lo hago a trav\u00e9s de un compromiso personal centrado en la alimentaci\u00f3n primaria y secundaria.<\/p>\n<p><strong><em>Mi meta<\/em><\/strong><\/p>\n<p>Me centro en Bio-individualidad para asegurar que cada persona se convierta en lo que quieren ser y alcanzar sus objetivos de un estilo de vida m\u00e1s saludable y m\u00e1s feliz.<\/p>","protected":false},"excerpt":{"rendered":"<p>Bienvenido a ElisOrganic !!! \u00a1Estoy muy feliz que est\u00e9s aqu\u00ed!<\/p>\n","protected":false},"author":1,"featured_media":60,"parent":0,"menu_order":0,"comment_status":"closed","ping_status":"closed","template":"","meta":{"footnotes":""},"class_list":["post-18","page","type-page","status-publish","has-post-thumbnail","hentry"],"_links":{"self":[{"href":"https:\/\/elisorganic.com\/es\/wp-json\/wp\/v2\/pages\/18","targetHints":{"allow":["GET"]}}],"collection":[{"href":"https:\/\/elisorganic.com\/es\/wp-json\/wp\/v2\/pages"}],"about":[{"href":"https:\/\/elisorganic.com\/es\/wp-json\/wp\/v2\/types\/page"}],"author":[{"embeddable":true,"href":"https:\/\/elisorganic.com\/es\/wp-json\/wp\/v2\/users\/1"}],"replies":[{"embeddable":true,"href":"https:\/\/elisorganic.com\/es\/wp-json\/wp\/v2\/comments?post=18"}],"version-history":[{"count":18,"href":"https:\/\/elisorganic.com\/es\/wp-json\/wp\/v2\/pages\/18\/revisions"}],"predecessor-version":[{"id":698,"href":"https:\/\/elisorganic.com\/es\/wp-json\/wp\/v2\/pages\/18\/revisions\/698"}],"wp:featuredmedia":[{"embeddable":true,"href":"https:\/\/elisorganic.com\/es\/wp-json\/wp\/v2\/media\/60"}],"wp:attachment":[{"href":"https:\/\/elisorganic.com\/es\/wp-json\/wp\/v2\/media?parent=18"}],"curies":[{"name":"wp","href":"https:\/\/api.w.org\/{rel}","templated":true}]}}