{"id":190,"date":"2016-12-04T18:00:53","date_gmt":"2016-12-04T18:00:53","guid":{"rendered":"http:\/\/elisorganic.com\/?page_id=190"},"modified":"2017-11-03T12:12:17","modified_gmt":"2017-11-03T16:12:17","slug":"challenges-detox","status":"publish","type":"page","link":"https:\/\/elisorganic.com\/es\/challenges\/challenges-detox\/","title":{"rendered":"Retos Desintoxicante"},"content":{"rendered":"<p><\/p>\n<p style=\"text-align: justify;\">En primer lugar me gustar\u00eda explicarles lo que es una \u00abdesintoxicaci\u00f3n\u00bb y por qu\u00e9 es importante para nuestro cuerpo hacerla.<\/p>\n<p style=\"text-align: justify;\">Una desintoxicaci\u00f3n es un proceso en el cual una persona hace algunos cambios en su estilo de vida para limpiar el cuerpo de diferentes tipos de toxinas da\u00f1inas con el fin de optimizar el rendimiento de su cuerpo. Estas toxinas da\u00f1inas pueden causar un efecto negativo en la salud.<\/p>\n<p style=\"text-align: justify;\">Todos los d\u00edas estamos expuestos a un n\u00famero ilimitado de diferentes toxinas del medio ambiente que nos rodea, pesticidas, productos qu\u00edmicos, \u00a0productos de limpieza, fragancias, ingredientes alimenticios (edulcorantes artificiales, colorantes artificiales, conservantes, etc.).<\/p>\n<p style=\"text-align: justify;\">Nuestro cuerpo absorbe una gran cantidad a diario de sustancias t\u00f3xicas a trav\u00e9s del agua que bebemos, la comida que comemos y el aire que respiramos. Las toxinas se han acumulado en nuestro cuerpo a lo largo de los a\u00f1os.<\/p>\n<p style=\"text-align: justify;\"><em>\u00bfC\u00f3mo se dan cuenta de que su cuerpo est\u00e1 lleno de toxinas? <\/em><\/p>\n<p style=\"text-align: justify;\">Cuando comiencen a sentirse cansados, sin energ\u00eda, agarran f\u00e1cilmente un resfriado porque su sistema inmunol\u00f3gico est\u00e1 d\u00e9bil y sin defensas; aumentan de peso, tienen problemas respiratorios o incluso comienza a sufrir de dolores de cabeza y de est\u00f3mago cuando menos se lo esperan. Todos estos s\u00edntomas de su cuerpo son porque est\u00e1 llenos de toxinas.<\/p>\n<p style=\"text-align: justify;\">Por estas razones es importante hacer una desintoxicaci\u00f3n de vez en cuando, para re acondicionar todo, cada \u00f3rgano, c\u00e9lula, tejido, en su cuerpo. Algunos cambios son temporales, como seguir una dieta de limpieza y luego volver a su rutina, otros son permanentes como tener un cambio de estilo de vida y la adopci\u00f3n de h\u00e1bitos saludables para el bienestar.<\/p>\n<p style=\"text-align: justify;\">Imaginen aumentar su energ\u00eda, perder peso y disminuir la inflamaci\u00f3n abdominal, y la retenci\u00f3n de l\u00edquidos. Imaginen mejorar su digesti\u00f3n, dormir mejor y eliminar sus antojos por lo dulce! Imaginen tener las hormonas balanceadas y mejorar su salud por completo.<\/p>\n<p style=\"text-align: justify;\">Todo puede suceder si ustedes comienzan a querer un cambio por su salud hoy mismo.<\/p>\n<p style=\"text-align: justify;\">NO CREO EN DIETAS, CREO EN CAMBIO DE H\u00c1BITOS Y ESTILOS DE VIDA.<\/p>\n<p><\/p>","protected":false},"excerpt":{"rendered":"<p>NO CREO EN DIETAS, CREO EN CAMBIO DE H\u00c1BITOS Y ESTILOS DE VIDA.<\/p>\n","protected":false},"author":1,"featured_media":345,"parent":40,"menu_order":0,"comment_status":"closed","ping_status":"closed","template":"","meta":{"footnotes":""},"class_list":["post-190","page","type-page","status-publish","has-post-thumbnail","hentry"],"_links":{"self":[{"href":"https:\/\/elisorganic.com\/es\/wp-json\/wp\/v2\/pages\/190","targetHints":{"allow":["GET"]}}],"collection":[{"href":"https:\/\/elisorganic.com\/es\/wp-json\/wp\/v2\/pages"}],"about":[{"href":"https:\/\/elisorganic.com\/es\/wp-json\/wp\/v2\/types\/page"}],"author":[{"embeddable":true,"href":"https:\/\/elisorganic.com\/es\/wp-json\/wp\/v2\/users\/1"}],"replies":[{"embeddable":true,"href":"https:\/\/elisorganic.com\/es\/wp-json\/wp\/v2\/comments?post=190"}],"version-history":[{"count":11,"href":"https:\/\/elisorganic.com\/es\/wp-json\/wp\/v2\/pages\/190\/revisions"}],"predecessor-version":[{"id":707,"href":"https:\/\/elisorganic.com\/es\/wp-json\/wp\/v2\/pages\/190\/revisions\/707"}],"up":[{"embeddable":true,"href":"https:\/\/elisorganic.com\/es\/wp-json\/wp\/v2\/pages\/40"}],"wp:featuredmedia":[{"embeddable":true,"href":"https:\/\/elisorganic.com\/es\/wp-json\/wp\/v2\/media\/345"}],"wp:attachment":[{"href":"https:\/\/elisorganic.com\/es\/wp-json\/wp\/v2\/media?parent=190"}],"curies":[{"name":"wp","href":"https:\/\/api.w.org\/{rel}","templated":true}]}}