{"id":20,"date":"2016-11-10T19:38:06","date_gmt":"2016-11-10T19:38:06","guid":{"rendered":"http:\/\/elisorganic.com\/?page_id=20"},"modified":"2017-10-03T20:05:25","modified_gmt":"2017-10-03T20:05:25","slug":"health-coach","status":"publish","type":"page","link":"https:\/\/elisorganic.com\/es\/health-coach\/","title":{"rendered":"Consejera de Salud"},"content":{"rendered":"<p><\/p>\n<div class=\"clear\">\n<div class=\"clear\"><em><strong>\u00bfQu\u00e9 es un consejero de Salud?<\/strong><\/em><\/div>\n<div><\/div>\n<div class=\"clear\">Un consejero de salud es un gu\u00eda profesional que ayuda y motiva a las personas a tomar conciencia de su salud y los apoya\u00a0 en la toma de decisiones para un mejor estilo de vida.\u00a0Los consejeros de salud no prescriben medicinas ni una dieta especifica, mas bien ayudan a identificar y comprender de una manera mas profunda cuales son las mejores opciones tanto de comida como de esilo de vida segun su bio-individualidad. Algunas \u00e1reas en las cuales un consejero de salud puede ayudar es en el control del peso, como manejar los antojos de alimentos, como aumentar la energ\u00eda,\u00a0 mejorar la digesti\u00f3n, dormir mejor y lograr controlar el estr\u00e9s y administrar el tiempo.<\/div>\n<div><\/div>\n<div class=\"clear\"><em><strong>\u00bfCon qu\u00e9 tipos de clientes trabajo?<\/strong> <\/em><\/div>\n<div><\/div>\n<div class=\"clear\">Trabajo con varios tipos de clientes, mujeres, hombres, ni\u00f1os, jovenes, personas mayores, atletas, personas con problemas de peso y sedentarios. Dado que no existe una tipo de comida o estilo de vida en particular que le funcione a todo el mundo, me baso mucho en los intereses de cada quien para asi respetar la bio-individualidad y lograr el \u00e9xito trabajando con personas de todos los \u00e1mbitos de la vida.<\/div>\n<div><\/div>\n<div class=\"clear\"><em><strong>\u00bfCu\u00e1les son mis credenciales profesionales?<\/strong><\/em><\/div>\n<div><\/div>\n<div class=\"clear\">Tengo experiencia profesional de bienestar en base a alimentos primarios (estilos de vida) y secundarios (dieta balanceada). Me gradu\u00e9 como consejera de Salud del Instituto de Nutrici\u00f3n Integrativa de la Ciudad de Nueva York. Este instituto me ha permitido profundizar mis conocimientos sobre los diferentes aspectos de la salud, la alimentaci\u00f3n y todos los factores que nos afectan en la vida diaria para asi\u00a0 lograr un equilibrio y armon\u00eda para una vida mejor y m\u00e1s sana.<\/div>\n<div><\/div>\n<div class=\"clear\"><strong><em>\u00a0 \u00bfQu\u00e9 tan pronto veremos resultados?<\/em><\/strong><\/div>\n<div><\/div>\n<div class=\"clear\">Esto dependera\u00e1 mucho de cada persona, el estado de salud en el que se encuentre, las ganas y su actitud al cambio que la persona ponga de su parte.\u00a0 Sin embargo, incluso si la motivaci\u00f3n no est\u00e1 all\u00ed de inmediato, est\u00e1 bien. Estoy capacitado para inspirar a los clientes a tomar medidas. Mis talleres, presentaciones, sesiones de coaching y materiales son interesantes y atractivos.<\/div>\n<div class=\"clear\">Al comenzar con objetivos peque\u00f1os y alcanzables, los empleados empezar\u00e1n a ver los resultados con bastante rapidez y estar\u00e1n motivados para pasar a objetivos m\u00e1s amplios.<\/div>\n<div><\/div>\n<div class=\"clear\"><em><strong>\u00bfCu\u00e1nto tiempo necesitar\u00e1n los empleados para dedicarse a este programa?<\/strong><\/em><\/div>\n<div><\/div>\n<div class=\"clear\">Eso depende de su organizaci\u00f3n y del nivel de coaching que desee que sus empleados reciban. Mis programas corporativos de bienestar var\u00edan desde lo m\u00e1s b\u00e1sico: trabajar durante las pausas de almuerzo o los horarios programados cada mes, hasta los m\u00e1s completos donde los empleados tienen acceso al soporte e informaci\u00f3n cada semana. Obviamente, cuanto m\u00e1s completo es el programa, m\u00e1s tiempo se requiere en el d\u00eda a d\u00eda. Trabajar\u00e9 con su organizaci\u00f3n para crear el mejor formato de bienestar corporativo para su presupuesto y las necesidades de su personal.<\/div>\n<\/div>\n<div>\n<p id=\"tw-target-text\" class=\"tw-data-text tw-ta tw-text-small\" dir=\"ltr\" data-placeholder=\"Translation\"><span lang=\"es\"><em><strong>\u00bfC\u00f3mo beneficiar\u00e1 a esta organizaci\u00f3n la contrataci\u00f3n de un entrenador de salud? <\/strong><\/em><\/span><\/p>\n<p class=\"tw-data-text tw-ta tw-text-small\" dir=\"ltr\" data-placeholder=\"Translation\"><span lang=\"es\"> Las tasas globales de obesidad, diabetes y otras enfermedades cr\u00f3nicas est\u00e1n aumentando cada vez m\u00e1s.\u00a0 El estr\u00e9s cr\u00f3nico, los malos h\u00e1bitos alimenticios y la falta de ejercicio todo significativamente contribuyen al desempe\u00f1o de los empleados. Afortunadamente, muchas de estas dolencias cr\u00f3nicas costosas se pueden evitar con cuidado simple, preventivo para los empleados. La contrataci\u00f3n de un entrenador de salud para su empresa es una soluci\u00f3n rentable para mejorar la salud y la moral de los empleados al tiempo que disminuye los costos relacionados con la salud de su organizaci\u00f3n. Al trabajar con un entrenador de salud, los empleados aprender\u00e1n c\u00f3mo hacer mejores opciones de comida y estilo de vida, mejorando su bienestar f\u00edsico y mental. A cambio, su organizaci\u00f3n ver\u00e1 un aumento en el compromiso y la productividad de los empleados y una disminuci\u00f3n en el estr\u00e9s y el absentismo de los empleados. \u00bfQu\u00e9 pasa si no hay problemas de salud graves dentro de la empresa?<\/span><\/p>\n<p class=\"tw-data-text tw-ta tw-text-small\" dir=\"ltr\" data-placeholder=\"Translation\"><span lang=\"es\"><em><strong> \u00bfSeguiremos benefici\u00e1ndose del programa? <\/strong><\/em><\/span><\/p>\n<p class=\"tw-data-text tw-ta tw-text-small\" dir=\"ltr\" data-placeholder=\"Translation\"><span lang=\"es\"> \u00a1S\u00ed! De hecho, los entrenadores de salud a menudo trabajan con clientes que generalmente son saludables. Incluso estos empleados pueden beneficiarse de la salud de coaching, ya que pueden no estar practicando la nutrici\u00f3n y los h\u00e1bitos de vida que garantice la salud a largo plazo y la vitalidad. Cada empleado participante comenzar\u00e1 el programa llenando un formulario de historial de salud para poder identificar cualquier \u00e1rea, obvia o no, donde se pueden hacer mejores opciones de salud y estilo de vida. <\/span><\/p>\n<p class=\"tw-data-text tw-ta tw-text-small\" dir=\"ltr\" data-placeholder=\"Translation\"><span lang=\"es\"><em><strong>\u00bfSe mantiene confidencial la informaci\u00f3n discutida en las sesiones de coaching uno a uno?<\/strong><\/em><\/span><\/p>\n<p class=\"tw-data-text tw-ta tw-text-small\" dir=\"ltr\" data-placeholder=\"Translation\"><span lang=\"es\"> Absolutamente. Toda la informaci\u00f3n compartida en sesiones individuales permanecer\u00e1 completamente confidencial entre el empleado y yo, el Entrenador de Salud. <\/span><\/p>\n<p class=\"tw-data-text tw-ta tw-text-small\" dir=\"ltr\" data-placeholder=\"Translation\"><em><strong><span lang=\"es\">\u00bfC\u00f3mo empezamos? <\/span><\/strong><\/em><\/p>\n<p class=\"tw-data-text tw-ta tw-text-small\" dir=\"ltr\" data-placeholder=\"Translation\"><span lang=\"es\">Estoy encantado de responder a cualquier pregunta que pueda tener sobre mis servicios y espero poder establecerle con el programa de bienestar corporativo perfecto de inmediato!<\/span><\/p>\n<pre id=\"tw-target-text\" class=\"tw-data-text tw-ta tw-text-small\" dir=\"ltr\" data-placeholder=\"Translation\" data-fulltext=\"\"><span lang=\"es\">\u00a0<\/span><\/pre>\n<\/div>\n<p><\/p>","protected":false},"excerpt":{"rendered":"<p>\u00bfQu\u00e9 es un consejero de Salud? Un consejero de salud es un gu\u00eda profesional que ayuda y motiva a las personas a tomar conciencia de su salud y los apoya\u00a0 en la toma de decisiones para un mejor estilo de<\/p>\n","protected":false},"author":1,"featured_media":0,"parent":0,"menu_order":0,"comment_status":"closed","ping_status":"closed","template":"","meta":{"footnotes":""},"class_list":["post-20","page","type-page","status-publish","hentry"],"_links":{"self":[{"href":"https:\/\/elisorganic.com\/es\/wp-json\/wp\/v2\/pages\/20","targetHints":{"allow":["GET"]}}],"collection":[{"href":"https:\/\/elisorganic.com\/es\/wp-json\/wp\/v2\/pages"}],"about":[{"href":"https:\/\/elisorganic.com\/es\/wp-json\/wp\/v2\/types\/page"}],"author":[{"embeddable":true,"href":"https:\/\/elisorganic.com\/es\/wp-json\/wp\/v2\/users\/1"}],"replies":[{"embeddable":true,"href":"https:\/\/elisorganic.com\/es\/wp-json\/wp\/v2\/comments?post=20"}],"version-history":[{"count":8,"href":"https:\/\/elisorganic.com\/es\/wp-json\/wp\/v2\/pages\/20\/revisions"}],"predecessor-version":[{"id":337,"href":"https:\/\/elisorganic.com\/es\/wp-json\/wp\/v2\/pages\/20\/revisions\/337"}],"wp:attachment":[{"href":"https:\/\/elisorganic.com\/es\/wp-json\/wp\/v2\/media?parent=20"}],"curies":[{"name":"wp","href":"https:\/\/api.w.org\/{rel}","templated":true}]}}