{"id":330,"date":"2017-10-03T19:47:19","date_gmt":"2017-10-03T19:47:19","guid":{"rendered":"http:\/\/elisorganic.com\/?page_id=330"},"modified":"2017-10-18T15:24:43","modified_gmt":"2017-10-18T19:24:43","slug":"one-on-one-coaching","status":"publish","type":"page","link":"https:\/\/elisorganic.com\/es\/services\/one-on-one-coaching\/","title":{"rendered":"Asesor\u00eda Individual"},"content":{"rendered":"<p>En Coaching \u00abUno a Uno\u00bb, me centro en las necesidades individuales que apoyan a las personas en sus problemas y metas de salud. Yo ayudo a hacer elecciones de estilo de vida sostenible. No prescribo una dieta o una forma de vivir. M\u00e1s bien, ayudo a las personas a identificar y desarrollar una comprensi\u00f3n m\u00e1s profunda de las elecciones de alimentos y estilo de vida que funcionan mejor para sus cuerpos. \u00a1Creo profundamente en la bioindividualidad! No importa lo que est\u00e9 sucediendo en su vida: tratar de perder peso, estar dispuesto a cambiar su estilo de vida, las relaciones, el estr\u00e9s, el dolor corporal, los problemas digestivos, la inflamaci\u00f3n, la dieta no saludable actual, las alergias, etc., puedo ayudarlo a obtener el derecho camino.<\/p>\n<p><strong>\u00bfCon qu\u00e9 tipos de clientes trabajo?<\/strong><\/p>\n<p>Trabajo con una amplia gama de clientes, incluidos hombres, mujeres, j\u00f3venes profesionales, ejecutivos corporativos, jubilados, deportistas e individuos inactivos o con sobrepeso. Mi filosof\u00eda es que no hay una sola forma de comer o vivir que funcione para todos y, en consecuencia, he tenido \u00e9xito trabajando con personas de todos los \u00e1mbitos de la vida.<\/p>\n<p><strong>\u00bfCu\u00e1les son mis credenciales profesionales?<\/strong><\/p>\n<p>Soy un profesional experimentado en bienestar entrenado en dieta, estilo de vida y entrenamiento de bienestar. Me gradu\u00e9 como Entrenador de Salud del Instituto para la Nutrici\u00f3n Integrativa.<\/p>\n<p><strong>Como cliente de mis programas de entrenamiento de salud \u00abuno a uno\u00bb, podr\u00e1s.<\/strong>..<\/p>\n<p>&#8211;\u00a0 Establece tus metas y trabaja para lograr tus sue\u00f1os<br \/>\n&#8211;\u00a0 Aprende a controlar el estr\u00e9s, duerme mejor y medita.<br \/>\n&#8211;\u00a0 Aprende a manejar tus antojos y qu\u00e9 les causa<br \/>\n&#8211;\u00a0 Aumenta tus niveles de energ\u00eda.<br \/>\n&#8211;\u00a0 Aprende nuevas recetas para hacer en casa.<br \/>\n&#8211;\u00a0 Aprende a leer etiquetas en los paquetes de alimentos en el supermercado.<br \/>\n&#8211;\u00a0 Si\u00e9ntete genial en tu cuerpo y \u00e1mate a ti mismo.<br \/>\n&#8211;\u00a0 Aprende sobre nuevos alimentos y c\u00f3mo puedes incorporarlos f\u00e1cilmente.<br \/>\n&#8211;\u00a0 Mejore sus relaciones personales<br \/>\n&#8211;\u00a0 Descubre la confianza para crear la vida que quieres.<br \/>\n&#8211;\u00a0 Encontrar un camino hacia la paz interior<\/p>\n<p><strong>\u00bfQu\u00e9 tan pronto veremos resultados?<\/strong><\/p>\n<p>Naturalmente, esto variar\u00e1 de persona a persona en funci\u00f3n de su nivel actual de salud y su disposici\u00f3n a participar. Sin embargo, incluso si la motivaci\u00f3n no est\u00e1 presente de inmediato, est\u00e1 bien. Soy h\u00e1bil en inspirar a los clientes para que se motiven. Mis talleres, presentaciones, sesiones de coaching y materiales son interesantes e interesantes. Al comenzar con objetivos peque\u00f1os y alcanzables, comenzar\u00e1 a ver los resultados con bastante rapidez y estar\u00e1 motivado para pasar a objetivos m\u00e1s grandes.<\/p>\n<p><strong>\u00bfSe mantiene la confidencialidad de la informaci\u00f3n discutida en sesiones de coaching de salud individuales?<\/strong><\/p>\n<p>Absolutamente. Toda la informaci\u00f3n compartida en sesiones individuales seguir\u00e1 siendo completamente confidencial entre usted y yo, el Entrenador de Salud.<\/p>\n<p><strong>\u00bfC\u00f3mo comenzamos?<\/strong><\/p>\n<p>\u00a1Me complace responder a cualquier pregunta que pueda tener sobre mis servicios y espero establecerlo con el programa de bienestar individual perfecto de inmediato!<\/p>","protected":false},"excerpt":{"rendered":"<p>En Coaching \u00abUno a Uno\u00bb, me centro en las necesidades individuales que apoyan a las personas en sus problemas y metas de salud. Yo ayudo a hacer elecciones de estilo de vida sostenible. No prescribo una dieta o una forma<\/p>\n","protected":false},"author":1,"featured_media":0,"parent":327,"menu_order":0,"comment_status":"closed","ping_status":"closed","template":"","meta":{"footnotes":""},"class_list":["post-330","page","type-page","status-publish","hentry"],"_links":{"self":[{"href":"https:\/\/elisorganic.com\/es\/wp-json\/wp\/v2\/pages\/330","targetHints":{"allow":["GET"]}}],"collection":[{"href":"https:\/\/elisorganic.com\/es\/wp-json\/wp\/v2\/pages"}],"about":[{"href":"https:\/\/elisorganic.com\/es\/wp-json\/wp\/v2\/types\/page"}],"author":[{"embeddable":true,"href":"https:\/\/elisorganic.com\/es\/wp-json\/wp\/v2\/users\/1"}],"replies":[{"embeddable":true,"href":"https:\/\/elisorganic.com\/es\/wp-json\/wp\/v2\/comments?post=330"}],"version-history":[{"count":2,"href":"https:\/\/elisorganic.com\/es\/wp-json\/wp\/v2\/pages\/330\/revisions"}],"predecessor-version":[{"id":657,"href":"https:\/\/elisorganic.com\/es\/wp-json\/wp\/v2\/pages\/330\/revisions\/657"}],"up":[{"embeddable":true,"href":"https:\/\/elisorganic.com\/es\/wp-json\/wp\/v2\/pages\/327"}],"wp:attachment":[{"href":"https:\/\/elisorganic.com\/es\/wp-json\/wp\/v2\/media?parent=330"}],"curies":[{"name":"wp","href":"https:\/\/api.w.org\/{rel}","templated":true}]}}