{"id":332,"date":"2017-10-03T19:48:29","date_gmt":"2017-10-03T19:48:29","guid":{"rendered":"http:\/\/elisorganic.com\/?page_id=332"},"modified":"2017-10-18T15:21:43","modified_gmt":"2017-10-18T19:21:43","slug":"group-coaching","status":"publish","type":"page","link":"https:\/\/elisorganic.com\/es\/services\/group-coaching\/","title":{"rendered":"Asesor\u00eda Grupal"},"content":{"rendered":"<p>El coaching grupal es un concepto m\u00e1s abierto donde los temas se discuten abiertamente y cada individuo se compromete a discutir sus experiencias o conocimientos desde un punto de vista general. Por lo general, me gusta trabajar con peque\u00f1os grupos de 10 a 12 personas. \u00bfAlguna vez has deseado algo en tu vida, pero descubriste que no pod\u00edas lograrlo solo\/a? \u00bfAlguna vez has deseado que alguien te gu\u00ede a trav\u00e9s de la tienda de comestibles o te ayude a elejir que productos colocar en la despensa para ayudar a que la salud sea m\u00e1s asequible? \u00bfAlguna vez recibiste un buen consejo que no pudiste seguir? \u00bfAlguna vez tu m\u00e9dico te recomend\u00f3 un cambio de estilo de vida que consider\u00e1ste insostenible? \u00bfO eso no ten\u00eda sentido? \u00bfAlguna vez te has encontrado con consejos que no comprendiste y no has podido conseguir que alguien te explique con claridad?<\/p>\n<p>Como Entrenador de Salud, tengo el conocimiento de proporcionar apoyo y orientaci\u00f3n continua a medida que establece metas y realiza cambios sostenibles que mejoran tu salud y felicidad. Escuchar\u00e9 atentamente y te ayudar\u00e9 a determinar qu\u00e9 cambios son necesarios para t\u00ed.<\/p>\n<p>Los participantes del Coaching grupal tienen el beneficio de la gu\u00eda de un entrenador de salud certificado, el apoyo de una comunidad dedicada y la responsabilidad de las \u00abreuniones\u00bb regulares (en persona o a distancia). En \u00faltima instancia, te ayudar\u00e1 a vivir m\u00e1s sano, vivir con m\u00e1s paz, liderar a tu familia, desarrollar tu confianza en ti mismo, perder peso y ser responsable de vivir la vida de tus sue\u00f1os.<\/p>\n<p><strong>Como cliente de mis programas de coaching de salud, podr\u00e1s&#8230;<\/strong><\/p>\n<p>&#8211;\u00a0 Establece tus metas y trabaja para lograr tus sue\u00f1os<br \/>\n&#8211;\u00a0 Aprende a controlar el estr\u00e9s, duerme mejor y medita.<br \/>\n&#8211;\u00a0 Aprende a manejar tus antojos y qu\u00e9 les causa<br \/>\n&#8211;\u00a0 Aumenta tus niveles de energ\u00eda.<br \/>\n&#8211;\u00a0 Aprende nuevas recetas para hacer en casa.<br \/>\n&#8211;\u00a0 Aprende a leer etiquetas en los paquetes de alimentos en el supermercado.<br \/>\n&#8211;\u00a0 Si\u00e9ntete genial en tu cuerpo y \u00e1mate a ti mismo.<br \/>\n&#8211;\u00a0 Aprende sobre nuevos alimentos y c\u00f3mo puedes incorporarlos f\u00e1cilmente.<br \/>\n&#8211;\u00a0 Mejora sus relaciones personales<br \/>\n&#8211;\u00a0 Descubre la confianza para crear la vida que quieres.<br \/>\n&#8211;\u00a0 Encontrar un camino hacia la paz interior<\/p>\n<p><strong>\u00bfQu\u00e9 tan pronto veremos resultados?<\/strong><\/p>\n<p>Naturalmente, esto variar\u00e1 de persona a persona en funci\u00f3n de su nivel actual de salud y su disposici\u00f3n a participar. Sin embargo, incluso si la motivaci\u00f3n no est\u00e1 presente de inmediato, est\u00e1 bien. Soy h\u00e1bil en inspirar a los clientes para que se motiven. Mis talleres, presentaciones, sesiones de coaching y materiales son interesantes e interesantes. Al comenzar con metas peque\u00f1as y alcanzables, mi grupo de clientes comenzar\u00e1 a ver resultados con bastante rapidez y estar\u00e1 motivado para pasar a objetivos m\u00e1s grandes.<\/p>\n<p><strong>\u00bfSe mantiene la confidencialidad de la informaci\u00f3n discutida en sesiones de coaching de salud individuales?<\/strong><\/p>\n<p>Absolutamente. Toda la informaci\u00f3n compartida en sesiones individuales seguir\u00e1 siendo completamente confidencial entre el cliente y yo, el Entrenador de Salud.<\/p>\n<p><strong>\u00bfC\u00f3mo comenzamos?<\/strong><\/p>\n<p>\u00a1Me complace responder a cualquier pregunta que pueda tener sobre mis servicios y espero establecerlo con el programa de bienestar perfecto de inmediato!<\/p>","protected":false},"excerpt":{"rendered":"<p>El coaching grupal es un concepto m\u00e1s abierto donde los temas se discuten abiertamente y cada individuo se compromete a discutir sus experiencias o conocimientos desde un punto de vista general. Por lo general, me gusta trabajar con peque\u00f1os grupos<\/p>\n","protected":false},"author":1,"featured_media":0,"parent":327,"menu_order":0,"comment_status":"closed","ping_status":"closed","template":"","meta":{"footnotes":""},"class_list":["post-332","page","type-page","status-publish","hentry"],"_links":{"self":[{"href":"https:\/\/elisorganic.com\/es\/wp-json\/wp\/v2\/pages\/332","targetHints":{"allow":["GET"]}}],"collection":[{"href":"https:\/\/elisorganic.com\/es\/wp-json\/wp\/v2\/pages"}],"about":[{"href":"https:\/\/elisorganic.com\/es\/wp-json\/wp\/v2\/types\/page"}],"author":[{"embeddable":true,"href":"https:\/\/elisorganic.com\/es\/wp-json\/wp\/v2\/users\/1"}],"replies":[{"embeddable":true,"href":"https:\/\/elisorganic.com\/es\/wp-json\/wp\/v2\/comments?post=332"}],"version-history":[{"count":2,"href":"https:\/\/elisorganic.com\/es\/wp-json\/wp\/v2\/pages\/332\/revisions"}],"predecessor-version":[{"id":656,"href":"https:\/\/elisorganic.com\/es\/wp-json\/wp\/v2\/pages\/332\/revisions\/656"}],"up":[{"embeddable":true,"href":"https:\/\/elisorganic.com\/es\/wp-json\/wp\/v2\/pages\/327"}],"wp:attachment":[{"href":"https:\/\/elisorganic.com\/es\/wp-json\/wp\/v2\/media?parent=332"}],"curies":[{"name":"wp","href":"https:\/\/api.w.org\/{rel}","templated":true}]}}