{"id":334,"date":"2017-10-03T19:49:28","date_gmt":"2017-10-03T19:49:28","guid":{"rendered":"http:\/\/elisorganic.com\/?page_id=334"},"modified":"2017-10-18T15:12:14","modified_gmt":"2017-10-18T19:12:14","slug":"corporate-coaching","status":"publish","type":"page","link":"https:\/\/elisorganic.com\/es\/services\/corporate-coaching\/","title":{"rendered":"Asesor\u00eda Corporativa"},"content":{"rendered":"<p>El coaching corporativo se enfoca en mejorar la salud de los empleados para un mejor desempe\u00f1o dentro de la compa\u00f1\u00eda. Mostrar las diferentes t\u00e9cnicas y materiales para motivar y centrarse en sus estilos de vida reales y mostrar mejores alternativas para implementar en su vida diaria para reducir el estr\u00e9s, el dolor corporal, aumentar la energ\u00eda, mantenerse en forma e iniciar una elecci\u00f3n m\u00e1s equilibrada y saludable en alimentos primarios y secundarios.<\/p>\n<p><strong>\u00bfCu\u00e1nto tiempo necesitar\u00e1n los empleados para dedicarse a este programa?<\/strong><\/p>\n<p>Eso depende de su organizaci\u00f3n y del nivel de coaching que desea que reciban sus empleados. Mis programas corporativos de bienestar var\u00edan desde lo m\u00e1s b\u00e1sico: trabajar durante las pausas para el almuerzo o las horas programadas cada mes, hasta el m\u00e1s completo donde los empleados tienen acceso a soporte e informaci\u00f3n cada semana. Obviamente, cuanto m\u00e1s completo sea el programa, m\u00e1s tiempo se requiere en el d\u00eda a d\u00eda. Trabajar\u00e9 con su organizaci\u00f3n para crear el mejor formato corporativo de bienestar para su presupuesto y las necesidades de su personal.<\/p>\n<p><strong>\u00bfC\u00f3mo contratar a un entrenador de salud beneficiar\u00e1 a esta organizaci\u00f3n?<\/strong><\/p>\n<p>Las tasas globales de obesidad, diabetes y otras enfermedades cr\u00f3nicas est\u00e1n aumentando tremendamente.\u00a0 Para el a\u00f1o 2020 se estima que una cantidad elevada de nuestra poblaci\u00f3n padecer\u00e1 una enfermedad cr\u00f3nica y prevenible. El estr\u00e9s cr\u00f3nico, los malos h\u00e1bitos alimenticios y la falta de ejercicio contribuyen significativamente al rendimiento de los empleados. Afortunadamente, muchas de estas enfermedades cr\u00f3nicas costosas se pueden evitar con atenci\u00f3n simple y preventiva para los empleados. La contrataci\u00f3n de un asesor de salud para su empresa es una soluci\u00f3n rentable para mejorar la salud y la moral de los empleados al tiempo que disminuye los costos relacionados con la salud de su organizaci\u00f3n. Al trabajar con un entrenador de salud, los empleados aprender\u00e1n c\u00f3mo hacer mejores elecciones de comida y estilo de vida, mejorando su bienestar f\u00edsico y mental. A cambio, su organizaci\u00f3n ver\u00e1 un aumento en la participaci\u00f3n y productividad de los empleados y una disminuci\u00f3n en el estr\u00e9s y el absentismo de los empleados.<\/p>\n<p><strong>\u00bfQu\u00e9 pasa si no hay problemas de salud graves dentro de la empresa? \u00bfSeguiremos benefici\u00e1ndonos del programa?<\/strong><\/p>\n<p>\u00a1S\u00ed! De hecho, los Entrenadores de salud a menudo trabajan con clientes que generalmente est\u00e1n sanos. Incluso estos empleados pueden beneficiarse del coaching de salud ya que pueden no estar practicando h\u00e1bitos de nutrici\u00f3n y estilo de vida que aseguren la salud y la vitalidad a largo plazo. Cada empleado participante comenzar\u00e1 el programa llenando un formulario de Historia de la Salud para que pueda identificar cualquier \u00e1rea, obvia o no, donde se pueden hacer mejores elecciones de salud y estilo de vida.<\/p>\n<p>Como parte de mis programas de coaching corporativo, los empleados podr\u00e1n &#8230;<\/p>\n<ul>\n<li>establece tus metas y trabaja para lograr tus sue\u00f1os<\/li>\n<li>Aprende a controlar el estr\u00e9s, duerme mejor y medita.<\/li>\n<li>aprende a manejar tus antojos y qu\u00e9 les causa<\/li>\n<li>Aumenta tus niveles de energ\u00eda.<\/li>\n<li>Aprende nuevas recetas para hacer en casa y bocadillos para llevar a la oficina.<\/li>\n<li>Aprende a leer etiquetas en los paquetes de alimentos en el supermercado.<\/li>\n<li>Si\u00e9ntete genial en tu cuerpo y \u00e1mate a ti mismo.<\/li>\n<li>Aprende sobre nuevos alimentos y c\u00f3mo puedes incorporarlos f\u00e1cilmente.<\/li>\n<li>mejore sus relaciones personales<\/li>\n<li>Descubre la confianza para crear la vida que quieres.<\/li>\n<li>encontrar un camino hacia la paz interior<\/li>\n<\/ul>\n<p><strong>\u00bfQu\u00e9 tan pronto veremos resultados?<\/strong><\/p>\n<p>Naturalmente, esto variar\u00e1 de persona a persona en funci\u00f3n de su nivel actual de salud y su disposici\u00f3n a participar. Sin embargo, incluso si la motivaci\u00f3n no est\u00e1 presente de inmediato, est\u00e1 bien. Soy h\u00e1bil en inspirar a los clientes para que se motiven. Mis talleres, presentaciones, sesiones de coaching y materiales son interesantes e interesantes. Al comenzar con objetivos peque\u00f1os y alcanzables, los empleados comenzar\u00e1n a ver los resultados con bastante rapidez y estar\u00e1n motivados a pasar a objetivos m\u00e1s grandes.<\/p>\n<p><strong>\u00bfSe mantiene la confidencialidad de la informaci\u00f3n discutida en sesiones de coaching de salud individuales?<\/strong><\/p>\n<p>Absolutamente. Toda la informaci\u00f3n compartida en sesiones individuales seguir\u00e1 siendo completamente confidencial entre el empleado y yo, el Entrenador de Salud.<\/p>\n<p><strong>\u00bfC\u00f3mo comenzamos?<\/strong><\/p>\n<p>\u00a1Me complace responder a cualquier pregunta que pueda tener sobre mis servicios y espero establecerlo con el programa de bienestar corporativo perfecto de inmediato!<\/p>","protected":false},"excerpt":{"rendered":"<p>El coaching corporativo se enfoca en mejorar la salud de los empleados para un mejor desempe\u00f1o dentro de la compa\u00f1\u00eda. Mostrar las diferentes t\u00e9cnicas y materiales para motivar y centrarse en sus estilos de vida reales y mostrar mejores alternativas<\/p>\n","protected":false},"author":1,"featured_media":0,"parent":327,"menu_order":0,"comment_status":"closed","ping_status":"closed","template":"","meta":{"footnotes":""},"class_list":["post-334","page","type-page","status-publish","hentry"],"_links":{"self":[{"href":"https:\/\/elisorganic.com\/es\/wp-json\/wp\/v2\/pages\/334","targetHints":{"allow":["GET"]}}],"collection":[{"href":"https:\/\/elisorganic.com\/es\/wp-json\/wp\/v2\/pages"}],"about":[{"href":"https:\/\/elisorganic.com\/es\/wp-json\/wp\/v2\/types\/page"}],"author":[{"embeddable":true,"href":"https:\/\/elisorganic.com\/es\/wp-json\/wp\/v2\/users\/1"}],"replies":[{"embeddable":true,"href":"https:\/\/elisorganic.com\/es\/wp-json\/wp\/v2\/comments?post=334"}],"version-history":[{"count":3,"href":"https:\/\/elisorganic.com\/es\/wp-json\/wp\/v2\/pages\/334\/revisions"}],"predecessor-version":[{"id":592,"href":"https:\/\/elisorganic.com\/es\/wp-json\/wp\/v2\/pages\/334\/revisions\/592"}],"up":[{"embeddable":true,"href":"https:\/\/elisorganic.com\/es\/wp-json\/wp\/v2\/pages\/327"}],"wp:attachment":[{"href":"https:\/\/elisorganic.com\/es\/wp-json\/wp\/v2\/media?parent=334"}],"curies":[{"name":"wp","href":"https:\/\/api.w.org\/{rel}","templated":true}]}}