{"id":36,"date":"2016-11-10T19:38:37","date_gmt":"2016-11-10T19:38:37","guid":{"rendered":"http:\/\/elisorganic.com\/?page_id=36"},"modified":"2017-10-03T23:46:13","modified_gmt":"2017-10-03T23:46:13","slug":"my-recipes","status":"publish","type":"page","link":"https:\/\/elisorganic.com\/es\/my-recipes\/","title":{"rendered":"Mis Recetas"},"content":{"rendered":"<p><\/p>\n<p style=\"text-align: justify;\"><em><strong>Porque comer saludable es delicioso!<\/strong> <\/em>No se trata de eliminar lo que comes, si no de agregar m\u00e1s opciones saludables y reemplazar las no tan saludables por ingredientes no procesados y m\u00e1s naturales. Mis recetas son elaboradas con ingredientes puros, no refinados y en su mayor\u00eda Org\u00e1nicos. Ninguna de mis recetas contiene ingredientes industrializados, colorantes, sabores artificiales, harinas o az\u00facares refinadas. Al contrario, procuro siempre que todos los ingredientes sean libres de fertilizantes, qu\u00edmicos, OMG -organismos manipulados gen\u00e9ticamente (transg\u00e9nicos). Aqu\u00ed\u00a0puede encontrar una diversidad de platos de opciones para desayunos, batidos, tazones de batidos, bocados, almuerzos simples, cenas y postres. Algunas de mis recetas pueden ser SG (sin gluten), VG (Veganas), Paleo o simplemente Vegetariana. Por lo tanto, no importa cu\u00e1l sea su restricci\u00f3n diet\u00e9tica, puedes encontrar algo delicioso adecuado para ti!<\/p>\n<div class=\"clear\" style=\"text-align: justify;\"><\/div>\n<p><\/p>","protected":false},"excerpt":{"rendered":"<p>Porque comer saludable es delicioso! No se trata de eliminar lo que comes, si no de agregar m\u00e1s opciones saludables y reemplazar las no tan saludables por ingredientes no procesados y m\u00e1s naturales. Mis recetas son elaboradas con ingredientes puros,<\/p>\n","protected":false},"author":1,"featured_media":347,"parent":0,"menu_order":0,"comment_status":"closed","ping_status":"closed","template":"","meta":{"footnotes":""},"class_list":["post-36","page","type-page","status-publish","has-post-thumbnail","hentry"],"_links":{"self":[{"href":"https:\/\/elisorganic.com\/es\/wp-json\/wp\/v2\/pages\/36","targetHints":{"allow":["GET"]}}],"collection":[{"href":"https:\/\/elisorganic.com\/es\/wp-json\/wp\/v2\/pages"}],"about":[{"href":"https:\/\/elisorganic.com\/es\/wp-json\/wp\/v2\/types\/page"}],"author":[{"embeddable":true,"href":"https:\/\/elisorganic.com\/es\/wp-json\/wp\/v2\/users\/1"}],"replies":[{"embeddable":true,"href":"https:\/\/elisorganic.com\/es\/wp-json\/wp\/v2\/comments?post=36"}],"version-history":[{"count":11,"href":"https:\/\/elisorganic.com\/es\/wp-json\/wp\/v2\/pages\/36\/revisions"}],"predecessor-version":[{"id":339,"href":"https:\/\/elisorganic.com\/es\/wp-json\/wp\/v2\/pages\/36\/revisions\/339"}],"wp:featuredmedia":[{"embeddable":true,"href":"https:\/\/elisorganic.com\/es\/wp-json\/wp\/v2\/media\/347"}],"wp:attachment":[{"href":"https:\/\/elisorganic.com\/es\/wp-json\/wp\/v2\/media?parent=36"}],"curies":[{"name":"wp","href":"https:\/\/api.w.org\/{rel}","templated":true}]}}