{"id":38,"date":"2016-11-10T19:38:48","date_gmt":"2016-11-10T19:38:48","guid":{"rendered":"http:\/\/elisorganic.com\/?page_id=38"},"modified":"2017-10-03T23:21:21","modified_gmt":"2017-10-03T23:21:21","slug":"my-juices","status":"publish","type":"page","link":"https:\/\/elisorganic.com\/es\/my-juices\/","title":{"rendered":"Mis Jugos"},"content":{"rendered":"<p><\/p>\n<div class=\"clear\">\n<div class=\"clear\"><strong>Sabes porqu\u00e9 me encantan los jugos? <\/strong><\/div>\n<div style=\"text-align: justify;\"><\/div>\n<div class=\"clear\" style=\"text-align: justify;\">Porque ellos me han ayudado much\u00edsimo a limpiar mi organismo, fortalecer mis \u00f3rganos y regenerar todo mi cuerpo. Gracias a los jugos he mejorado mi salud. Mi piel se ha vuelto mas suave, mi cabello m\u00e1s brillante y mis u\u00f1as mas fuertes. Esto sin mencionar mi aumento de energ\u00eda y mi disminuci\u00f3n del peso.<\/div>\n<\/div>\n<div><\/div>\n<div><strong>Que diferencia hay entre los Jugos y los Batidos?<\/strong><\/div>\n<div><\/div>\n<div><em><strong>Los Jugos<\/strong><\/em><\/div>\n<div style=\"text-align: justify;\"><img loading=\"lazy\" decoding=\"async\" class=\"alignnone size-full wp-image-353\" src=\"http:\/\/elisorganic.com\/wp-content\/uploads\/2017\/10\/juicer-hurom.jpeg\" alt=\"\" width=\"225\" height=\"225\" srcset=\"https:\/\/elisorganic.com\/wp-content\/uploads\/2017\/10\/juicer-hurom.jpeg 225w, https:\/\/elisorganic.com\/wp-content\/uploads\/2017\/10\/juicer-hurom-150x150.jpeg 150w, https:\/\/elisorganic.com\/wp-content\/uploads\/2017\/10\/juicer-hurom-200x200.jpeg 200w, https:\/\/elisorganic.com\/wp-content\/uploads\/2017\/10\/juicer-hurom-88x88.jpeg 88w\" sizes=\"auto, (max-width: 225px) 100vw, 225px\" \/><\/div>\n<div style=\"text-align: justify;\"><\/div>\n<div style=\"text-align: justify;\">Para preparar los jugos necesitas un extractor de jugos. Hay una diversidad enorme en el mercado de modelos, estilos y sistemas de procesamiento, tales como centrifugado, prensado en fr\u00edo o extracci\u00f3n por masticado. Yo en lo personal prefiero el prensado en fr\u00edo o masticado, ya que el proceso en que los alimentos son triturados no queman ni destruyen su pureza y los jugos preservan m\u00e1s enteros sus nutrientes. Los jugos de frutas y verduras NATURALES, son el extracto puro sin fibra alguna. Est\u00e1n dotados de vitaminas, minerales y nutrientes indispensables para regenerar y fortalecer todo nuestro cuerpo. Al ser ingeridos en ayunas, el jugo reci\u00e9n extra\u00eddo, ingresa al sistema sangu\u00edneo en menos de 20 minutos de una vez ingerido, no tiene que pasar por el sistema digestivo y no requiere de nuestra energ\u00eda para hacer la digesti\u00f3n ya que no contiene fibras. Ingerir solamente el jugo como desayuno no complementa un desayuno balanceado SI NO est\u00e1s haciendo una desintoxicaci\u00f3n de solamente jugos para limpiar tu organismo, es recomendable que comas un desayuno balanceado luego de beber tu jugo.<\/div>\n<div><\/div>\n<div><strong><em>Los Batidos<\/em><\/strong><\/div>\n<div><\/div>\n<div><img loading=\"lazy\" decoding=\"async\" class=\"alignnone size-full wp-image-352\" src=\"http:\/\/elisorganic.com\/wp-content\/uploads\/2017\/10\/blender.jpeg\" alt=\"\" width=\"225\" height=\"225\" srcset=\"https:\/\/elisorganic.com\/wp-content\/uploads\/2017\/10\/blender.jpeg 225w, https:\/\/elisorganic.com\/wp-content\/uploads\/2017\/10\/blender-150x150.jpeg 150w, https:\/\/elisorganic.com\/wp-content\/uploads\/2017\/10\/blender-200x200.jpeg 200w, https:\/\/elisorganic.com\/wp-content\/uploads\/2017\/10\/blender-88x88.jpeg 88w\" sizes=\"auto, (max-width: 225px) 100vw, 225px\" \/><\/div>\n<div style=\"text-align: justify;\">A diferencia de los jugos, los batidos son preparados en una licuadora, el cual tambi\u00e9n existe una diversidad enorme en el mercado. Los batidos tienen la caracter\u00edstica de poseer muchas vitaminas y minerales tambi\u00e9n si son preparados con frutas, verduras y super alimentos. Los batidos tienen la particularidad de ser muchos mas espesos que un jugo y por ende llenan y satisfacen plenamente. Al estar cargados de fibras, los batidos requieren de energ\u00eda para ser digeridos y hacer el proceso completo de la digesti\u00f3n al igual que una comida. Los batidos (licuados)proporcionan un buen alimento y el hecho de contener fibras ayuda a una f\u00e1cil expulsi\u00f3n de la materia fecal de los intestinos. Si los batidos (licuados) estan hechos balanceadamente (con proteinas, carbohidratos y grasas saludables) pueden ser considerados como desayuno!<\/div>\n<div style=\"text-align: justify;\">Sin embargo, si se trata de nutrir las c\u00e9lulas y \u00f3rganos de una forma eficaz y r\u00e1pida, los jugos son la mejor opci\u00f3n.<\/div>\n<div style=\"text-align: justify;\"><\/div>\n<div><\/div>\n<p><\/p>","protected":false},"excerpt":{"rendered":"<p>Sabes porqu\u00e9 me encantan los jugos? Porque ellos me han ayudado much\u00edsimo a limpiar mi organismo, fortalecer mis \u00f3rganos y regenerar todo mi cuerpo. Gracias a los jugos he mejorado mi salud. Mi piel se ha vuelto mas suave, mi<\/p>\n","protected":false},"author":1,"featured_media":114,"parent":0,"menu_order":0,"comment_status":"closed","ping_status":"closed","template":"","meta":{"footnotes":""},"class_list":["post-38","page","type-page","status-publish","has-post-thumbnail","hentry"],"_links":{"self":[{"href":"https:\/\/elisorganic.com\/es\/wp-json\/wp\/v2\/pages\/38","targetHints":{"allow":["GET"]}}],"collection":[{"href":"https:\/\/elisorganic.com\/es\/wp-json\/wp\/v2\/pages"}],"about":[{"href":"https:\/\/elisorganic.com\/es\/wp-json\/wp\/v2\/types\/page"}],"author":[{"embeddable":true,"href":"https:\/\/elisorganic.com\/es\/wp-json\/wp\/v2\/users\/1"}],"replies":[{"embeddable":true,"href":"https:\/\/elisorganic.com\/es\/wp-json\/wp\/v2\/comments?post=38"}],"version-history":[{"count":10,"href":"https:\/\/elisorganic.com\/es\/wp-json\/wp\/v2\/pages\/38\/revisions"}],"predecessor-version":[{"id":355,"href":"https:\/\/elisorganic.com\/es\/wp-json\/wp\/v2\/pages\/38\/revisions\/355"}],"wp:featuredmedia":[{"embeddable":true,"href":"https:\/\/elisorganic.com\/es\/wp-json\/wp\/v2\/media\/114"}],"wp:attachment":[{"href":"https:\/\/elisorganic.com\/es\/wp-json\/wp\/v2\/media?parent=38"}],"curies":[{"name":"wp","href":"https:\/\/api.w.org\/{rel}","templated":true}]}}