{"id":40,"date":"2016-11-10T19:38:59","date_gmt":"2016-11-10T19:38:59","guid":{"rendered":"http:\/\/elisorganic.com\/?page_id=40"},"modified":"2017-10-22T18:43:07","modified_gmt":"2017-10-22T22:43:07","slug":"challenges","status":"publish","type":"page","link":"https:\/\/elisorganic.com\/es\/challenges\/","title":{"rendered":"Retos"},"content":{"rendered":"<p>Cambiar nuestros h\u00e1bitos no es una tarea f\u00e1cil. Es un gran reto dar el primer paso para un mejor estilo de vida.<\/p>\n<p>Por esta raz\u00f3n, les voy a invitar a tomar esos peque\u00f1os pasos uno por uno para alcanzar sus metas para una vida m\u00e1s sana y feliz.<\/p>\n<div class=\"clear\"><\/div>\n<p><\/p>","protected":false},"excerpt":{"rendered":"<p>Cambiar nuestros h\u00e1bitos no es una tarea f\u00e1cil. Es un gran reto dar el primer paso para un mejor estilo de vida.<\/p>\n<p>Por esta raz\u00f3n, les voy a invitar a tomar esos peque\u00f1os pasos uno por uno para alcanzar sus metas para una vida m\u00e1s sana y feliz.<\/p>\n<p>\u00a0<\/p>\n","protected":false},"author":1,"featured_media":53,"parent":0,"menu_order":0,"comment_status":"closed","ping_status":"closed","template":"","meta":{"footnotes":""},"class_list":["post-40","page","type-page","status-publish","has-post-thumbnail","hentry"],"_links":{"self":[{"href":"https:\/\/elisorganic.com\/es\/wp-json\/wp\/v2\/pages\/40","targetHints":{"allow":["GET"]}}],"collection":[{"href":"https:\/\/elisorganic.com\/es\/wp-json\/wp\/v2\/pages"}],"about":[{"href":"https:\/\/elisorganic.com\/es\/wp-json\/wp\/v2\/types\/page"}],"author":[{"embeddable":true,"href":"https:\/\/elisorganic.com\/es\/wp-json\/wp\/v2\/users\/1"}],"replies":[{"embeddable":true,"href":"https:\/\/elisorganic.com\/es\/wp-json\/wp\/v2\/comments?post=40"}],"version-history":[{"count":8,"href":"https:\/\/elisorganic.com\/es\/wp-json\/wp\/v2\/pages\/40\/revisions"}],"predecessor-version":[{"id":706,"href":"https:\/\/elisorganic.com\/es\/wp-json\/wp\/v2\/pages\/40\/revisions\/706"}],"wp:featuredmedia":[{"embeddable":true,"href":"https:\/\/elisorganic.com\/es\/wp-json\/wp\/v2\/media\/53"}],"wp:attachment":[{"href":"https:\/\/elisorganic.com\/es\/wp-json\/wp\/v2\/media?parent=40"}],"curies":[{"name":"wp","href":"https:\/\/api.w.org\/{rel}","templated":true}]}}