{"id":44,"date":"2016-11-10T19:40:01","date_gmt":"2016-11-10T19:40:01","guid":{"rendered":"http:\/\/elisorganic.com\/?page_id=44"},"modified":"2017-10-06T02:16:07","modified_gmt":"2017-10-06T02:16:07","slug":"kids","status":"publish","type":"page","link":"https:\/\/elisorganic.com\/es\/kids\/","title":{"rendered":"Ni\u00f1os"},"content":{"rendered":"<p>Nuestros ni\u00f1os son los pilares principales en nuestra sociedad. Ellos son los que se convertir\u00e1n en adultos y tomar\u00e1n el control de nuestro futuro. Por eso, es muy importante ense\u00f1arles a comer una dieta equilibrada y saludable, ser activos, jugar, re\u00edr y disfrutar cada etapa de su vida desde su existencia en el \u00fatero de la madre, para que crezcan sanos y fuertes.<\/p>","protected":false},"excerpt":{"rendered":"<p>Nuestros ni\u00f1os son los pilares principales en nuestra sociedad. Ellos son los que se convertir\u00e1n en adultos y tomar\u00e1n el control de nuestro futuro. Por eso, es muy importante ense\u00f1arles a comer una dieta equilibrada y saludable, ser activos, jugar,<\/p>\n","protected":false},"author":1,"featured_media":115,"parent":0,"menu_order":0,"comment_status":"closed","ping_status":"closed","template":"","meta":{"footnotes":""},"class_list":["post-44","page","type-page","status-publish","has-post-thumbnail","hentry"],"_links":{"self":[{"href":"https:\/\/elisorganic.com\/es\/wp-json\/wp\/v2\/pages\/44","targetHints":{"allow":["GET"]}}],"collection":[{"href":"https:\/\/elisorganic.com\/es\/wp-json\/wp\/v2\/pages"}],"about":[{"href":"https:\/\/elisorganic.com\/es\/wp-json\/wp\/v2\/types\/page"}],"author":[{"embeddable":true,"href":"https:\/\/elisorganic.com\/es\/wp-json\/wp\/v2\/users\/1"}],"replies":[{"embeddable":true,"href":"https:\/\/elisorganic.com\/es\/wp-json\/wp\/v2\/comments?post=44"}],"version-history":[{"count":6,"href":"https:\/\/elisorganic.com\/es\/wp-json\/wp\/v2\/pages\/44\/revisions"}],"predecessor-version":[{"id":305,"href":"https:\/\/elisorganic.com\/es\/wp-json\/wp\/v2\/pages\/44\/revisions\/305"}],"wp:featuredmedia":[{"embeddable":true,"href":"https:\/\/elisorganic.com\/es\/wp-json\/wp\/v2\/media\/115"}],"wp:attachment":[{"href":"https:\/\/elisorganic.com\/es\/wp-json\/wp\/v2\/media?parent=44"}],"curies":[{"name":"wp","href":"https:\/\/api.w.org\/{rel}","templated":true}]}}