{"id":457,"date":"2017-10-19T11:41:41","date_gmt":"2017-10-19T15:41:41","guid":{"rendered":"http:\/\/elisorganic.com\/?page_id=457"},"modified":"2018-03-07T13:55:54","modified_gmt":"2018-03-07T18:55:54","slug":"essential-oils","status":"publish","type":"page","link":"https:\/\/elisorganic.com\/es\/essential-oils\/","title":{"rendered":"Aceites Esenciales"},"content":{"rendered":"<p><\/p>\n<p style=\"text-align: justify;\"><em>\u00bfQue son <\/em>los aceites esenciales<em>?<\/em><\/p>\n<p style=\"text-align: justify;\">Cuando pensamos en aceites lo primero que se nos viene a la mente son los aceites que conocemos en la cocina para preparar nuestros alimentos tanto de origen animal como vegetal, tales como el aceite de oliva, aceite de semilla de uva, aceite de coco, o cualquier otro aceite que usamos a diario. En realidad, estos aceites son \u201caceites fijos\u201d, o sea aceites \u201cno vol\u00e1tiles\u201d. Esto quiere decir que estos aceites NO se evaporan en el aire.<\/p>\n<p style=\"text-align: justify;\">De lo contrario a los aceites que conocemos en la cocina, est\u00e1n los \u201caceites esenciales\u201d. Estos son conocidos como \u201caceites vol\u00e1tiles\u201d que tienen un efecto muy distinto en nuestro cuerpo. Estos aceites \u201cvol\u00e1tiles\u201d se evaporan r\u00e1pidamente y penetran en la piel m\u00e1s r\u00e1pido y f\u00e1cil que cualquier otro aceite. La volatilidad de estos aceites es lo que los clasifica como arom\u00e1tico y \u00fatil para aromaterapias. Las mol\u00e9culas expedidas en el aire en forma de vapor son las que contienen toda la fragancia del aceite.<\/p>\n<p style=\"text-align: justify;\">Por ejemplo, si colocas un aceite \u201cportador\u201d (de oliva, coco, etc) en tu piel como puede ser el aceite de coco, te dar\u00e1s cuenta que \u00e9ste permanecer\u00e1 con un aspecto aceitoso en tu piel, mientras que al colocar un aceite esencial en tu piel ver\u00e1s que se evapora r\u00e1pidamente y es absorbido por la piel casi de inmediato, sin dejar el aspecto aceitoso, solamente su fragancia.<\/p>\n<p style=\"text-align: justify;\">Los aceites esenciales son obtenidos de plantas, tales como flores, ra\u00edces, hojas, frutos, etc. Por un proceso de destilaci\u00f3n y prensado en frio o por un proceso de extracci\u00f3n de CO2. Algunas compa\u00f1\u00edas clasifican los extractos de sus plantas como si fuesen \u201caceites esenciales puros\u201d, pero para realmente ser clasificado como aceite esencial puro, \u00e9stos NO deben ser extra\u00eddos con el uso de solventes qu\u00edmicos el cual afecta tremendamente la calidad del aceite. Los aceites Esenciales puros y bien extra\u00eddos sin ning\u00fan tipo de aditivo son extremadamente concentrados. Estos tienes beneficios incre\u00edbles para la salud, ya sea para uso ut\u00f3pico, aromaterapia o ingerido (algunos de ellos).<\/p>\n<p><\/p>","protected":false},"excerpt":{"rendered":"<p>\u201cAceites Esenciales\u201d son conocidos como \u201caceites vol\u00e1tiles\u201d que tienen un efecto muy distinto en nuestro cuerpo a los aceites de origen animal o vegetal que conocemos enla cocina. \u00c9stos son 100 % puros y extraidos sin quimicos ni solventes.<\/p>\n","protected":false},"author":1,"featured_media":709,"parent":0,"menu_order":0,"comment_status":"closed","ping_status":"closed","template":"","meta":{"footnotes":""},"class_list":["post-457","page","type-page","status-publish","has-post-thumbnail","hentry"],"_links":{"self":[{"href":"https:\/\/elisorganic.com\/es\/wp-json\/wp\/v2\/pages\/457","targetHints":{"allow":["GET"]}}],"collection":[{"href":"https:\/\/elisorganic.com\/es\/wp-json\/wp\/v2\/pages"}],"about":[{"href":"https:\/\/elisorganic.com\/es\/wp-json\/wp\/v2\/types\/page"}],"author":[{"embeddable":true,"href":"https:\/\/elisorganic.com\/es\/wp-json\/wp\/v2\/users\/1"}],"replies":[{"embeddable":true,"href":"https:\/\/elisorganic.com\/es\/wp-json\/wp\/v2\/comments?post=457"}],"version-history":[{"count":4,"href":"https:\/\/elisorganic.com\/es\/wp-json\/wp\/v2\/pages\/457\/revisions"}],"predecessor-version":[{"id":1044,"href":"https:\/\/elisorganic.com\/es\/wp-json\/wp\/v2\/pages\/457\/revisions\/1044"}],"wp:featuredmedia":[{"embeddable":true,"href":"https:\/\/elisorganic.com\/es\/wp-json\/wp\/v2\/media\/709"}],"wp:attachment":[{"href":"https:\/\/elisorganic.com\/es\/wp-json\/wp\/v2\/media?parent=457"}],"curies":[{"name":"wp","href":"https:\/\/api.w.org\/{rel}","templated":true}]}}